{"id":2,"date":"2026-02-16T22:39:04","date_gmt":"2026-02-16T22:39:04","guid":{"rendered":"https:\/\/ekosadza.com\/?page_id=2"},"modified":"2026-02-16T22:59:19","modified_gmt":"2026-02-16T22:59:19","slug":"sample-page","status":"publish","type":"page","link":"https:\/\/ekosadza.com\/","title":{"rendered":"EkoSadza"},"content":{"rendered":"\n<p>POLSKI DYSTRYBUTOR RECYKOWANEJ SADZY TECHNICZNEJ<\/p>\n\n\n\n<figure class=\"wp-block-image size-large is-resized\"><img loading=\"lazy\" decoding=\"async\" width=\"1024\" height=\"981\" src=\"https:\/\/ekosadza.com\/wp-content\/uploads\/2026\/02\/1756F69B-FAC7-4BA0-AE1B-000D035C9372-1024x981.jpeg\" alt=\"\" class=\"wp-image-8\" style=\"aspect-ratio:1.043847671066606;width:182px;height:auto\" srcset=\"https:\/\/ekosadza.com\/wp-content\/uploads\/2026\/02\/1756F69B-FAC7-4BA0-AE1B-000D035C9372-1024x981.jpeg 1024w, https:\/\/ekosadza.com\/wp-content\/uploads\/2026\/02\/1756F69B-FAC7-4BA0-AE1B-000D035C9372-300x287.jpeg 300w, https:\/\/ekosadza.com\/wp-content\/uploads\/2026\/02\/1756F69B-FAC7-4BA0-AE1B-000D035C9372-768x735.jpeg 768w, https:\/\/ekosadza.com\/wp-content\/uploads\/2026\/02\/1756F69B-FAC7-4BA0-AE1B-000D035C9372.jpeg 1179w\" sizes=\"auto, (max-width: 1024px) 100vw, 1024px\" \/><\/figure>\n\n\n\n<p>Witamy na naszej stronie internetowej. Obecnie pracujemy nad jej przygotowaniem i udoskonaleniem, aby zapewni\u0107 Pa\u0144stwu jak najlepsze do\u015bwiadczenie. <br><br>Mamy nadziej\u0119, \u017ce ju\u017c wkr\u00f3tce strona zostanie w pe\u0142ni uruchomiona. Dzi\u0119kujemy za cierpliwo\u015b\u0107 i zapraszamy ponownie niebawem.<\/p>\n","protected":false},"excerpt":{"rendered":"<p>POLSKI DYSTRYBUTOR RECYKOWANEJ SADZY TECHNICZNEJ Witamy na naszej stronie internetowej. Obecnie pracujemy nad jej przygotowaniem i udoskonaleniem, aby zapewni\u0107 Pa\u0144stwu jak najlepsze do\u015bwiadczenie. Mamy nadziej\u0119, \u017ce ju\u017c wkr\u00f3tce strona zostanie w pe\u0142ni uruchomiona. Dzi\u0119kujemy za cierpliwo\u015b\u0107 i zapraszamy ponownie niebawem.<\/p>\n","protected":false},"author":1,"featured_media":15,"parent":0,"menu_order":0,"comment_status":"closed","ping_status":"open","template":"","meta":{"_et_pb_use_builder":"","_et_pb_old_content":"","_et_gb_content_width":"1080","footnotes":""},"class_list":["post-2","page","type-page","status-publish","has-post-thumbnail","hentry"],"_links":{"self":[{"href":"https:\/\/ekosadza.com\/index.php?rest_route=\/wp\/v2\/pages\/2","targetHints":{"allow":["GET"]}}],"collection":[{"href":"https:\/\/ekosadza.com\/index.php?rest_route=\/wp\/v2\/pages"}],"about":[{"href":"https:\/\/ekosadza.com\/index.php?rest_route=\/wp\/v2\/types\/page"}],"author":[{"embeddable":true,"href":"https:\/\/ekosadza.com\/index.php?rest_route=\/wp\/v2\/users\/1"}],"replies":[{"embeddable":true,"href":"https:\/\/ekosadza.com\/index.php?rest_route=%2Fwp%2Fv2%2Fcomments&post=2"}],"version-history":[{"count":2,"href":"https:\/\/ekosadza.com\/index.php?rest_route=\/wp\/v2\/pages\/2\/revisions"}],"predecessor-version":[{"id":17,"href":"https:\/\/ekosadza.com\/index.php?rest_route=\/wp\/v2\/pages\/2\/revisions\/17"}],"wp:featuredmedia":[{"embeddable":true,"href":"https:\/\/ekosadza.com\/index.php?rest_route=\/wp\/v2\/media\/15"}],"wp:attachment":[{"href":"https:\/\/ekosadza.com\/index.php?rest_route=%2Fwp%2Fv2%2Fmedia&parent=2"}],"curies":[{"name":"wp","href":"https:\/\/api.w.org\/{rel}","templated":true}]}}